{"id":6232,"date":"2023-08-16T09:41:25","date_gmt":"2023-08-16T06:41:25","guid":{"rendered":"https:\/\/uppark.io\/?page_id=6232"},"modified":"2023-08-16T16:39:29","modified_gmt":"2023-08-16T13:39:29","slug":"feedback","status":"publish","type":"page","link":"https:\/\/uppark.io\/en\/feedback\/","title":{"rendered":"Feedback"},"content":{"rendered":"<section data-vc-full-width=\"false\" data-vc-full-width-init=\"false\" data-vc-parallax-image=\"https:\/\/uppark.io\/wp-content\/themes\/appset\/images\/banner-1.jpg\" data-opacity=\"1\" data-size=\"cover\" data-width=\"100%\" data-position=\"cover\" data-repeat=\"cover\" data-attachment=\"inherit\" class=\"vc_section vc_section-has-fill\"><div class=\"bg-lightgrey wide-50     vc_custom_1592915992250\"><div ><div class=\"container\"><div class=\"vc_row wpb_row vc_row-fluid bg-tra bg-cover vc_row-o-content-middle vc_row-flex\"><div class=\"wpb_column vc_column_container vc_col-sm-12 bg-tra\"><div class=\"vc_column-inner\"><div class=\"wpb_wrapper\">\r\n        <div class=\"section-title  wow perch-fadeInUp fadeInUp text-center\" data-wow-delay=\"300ms\" data-wow-duration=\"1000ms\">\r\n            <h2 class=\"h2-sm\">Feedback-ul t\u0103u coneaz\u0103<\/h2>\r\n            <p class=\"p-lg\">\u00cen cadrul angajamentului nostru continuu de a cre\u0219te satisfac\u021bia \u0219oferilor, am lansat noua aplica\u021bie UPPARK, mai intuitiv\u0103 \u0219i mai prietenoas\u0103. Feedback-ul t\u0103u are o importan\u021b\u0103 imens\u0103 pentru noi.<\/p>\n<p><\/p>         \r\n        <\/div><\/div><\/div><\/div><\/div><div class=\"vc_row wpb_row vc_row-fluid mt-0 mb-0 pt-0 pb-0 bg-lightgrey vc_custom_1592916268215 bg-inherit vc_row-has-fill vc_row-o-content-middle vc_row-flex\"><div class=\"wpb_column vc_column_container vc_col-sm-2 bg-tra\"><div class=\"vc_column-inner\"><div class=\"wpb_wrapper\"><\/div><\/div><\/div><div class=\"wpb_column vc_column_container vc_col-sm-8 bg-tra\"><div class=\"vc_column-inner\"><div class=\"wpb_wrapper\"><div role=\"form\" class=\"wpcf7\" id=\"wpcf7-f6231-o1\" lang=\"en-AU\" dir=\"ltr\">\n<div class=\"screen-reader-response\"><\/div>\n<form action=\"\/en\/wp-json\/wp\/v2\/pages\/6232#wpcf7-f6231-o1\" method=\"post\" class=\"wpcf7-form\" enctype=\"multipart\/form-data\" novalidate=\"novalidate\" data-trp-original-action=\"\/en\/wp-json\/wp\/v2\/pages\/6232#wpcf7-f6231-o1\">\n<div style=\"display: none;\">\n<input type=\"hidden\" name=\"_wpcf7\" value=\"6231\" \/>\n<input type=\"hidden\" name=\"_wpcf7_version\" value=\"5.1.6\" \/>\n<input type=\"hidden\" name=\"_wpcf7_locale\" value=\"en_AU\" \/>\n<input type=\"hidden\" name=\"_wpcf7_unit_tag\" value=\"wpcf7-f6231-o1\" \/>\n<input type=\"hidden\" name=\"_wpcf7_container_post\" value=\"0\" \/>\n<input type=\"hidden\" name=\"_wpcf7cf_hidden_group_fields\" value=\"[]\" \/>\n<input type=\"hidden\" name=\"_wpcf7cf_hidden_groups\" value=\"[]\" \/>\n<input type=\"hidden\" name=\"_wpcf7cf_visible_groups\" value=\"[]\" \/>\n<input type=\"hidden\" name=\"_wpcf7cf_repeaters\" value=\"[]\" \/>\n<input type=\"hidden\" name=\"_wpcf7cf_steps\" value=\"{}\" \/>\n<input type=\"hidden\" name=\"_wpcf7cf_options\" value=\"{&quot;form_id&quot;:6231,&quot;conditions&quot;:[],&quot;settings&quot;:{&quot;animation&quot;:&quot;yes&quot;,&quot;animation_intime&quot;:&quot;300&quot;,&quot;animation_outtime&quot;:&quot;300&quot;,&quot;conditions_ui&quot;:&quot;normal&quot;,&quot;notice_dismissed&quot;:&quot;&quot;,&quot;wpcf7cf_settings_saved&quot;:&quot;1&quot;,&quot;notice_dismissed_update-cf7-5.9.3&quot;:true}}\" \/>\n<input type=\"hidden\" name=\"g-recaptcha-response\" value=\"\" \/>\n<\/div>\n<div class=\"form-holder\">\n<div  class=\"row contact-form\">\n<div id=\"input-surname\" class=\"col-lg-6\"><span class=\"wpcf7-form-control-wrap your-surname\"><input type=\"text\" name=\"your-surname\" value=\"\" size=\"40\" class=\"wpcf7-form-control wpcf7-text form-control surname\" aria-invalid=\"false\" placeholder=\"Nume\" \/><\/span><\/div>\n<div id=\"input-email\" class=\"col-lg-6\"><span class=\"wpcf7-form-control-wrap your-email\"><input type=\"email\" name=\"your-email\" value=\"\" size=\"40\" class=\"wpcf7-form-control wpcf7-text wpcf7-email wpcf7-validates-as-required wpcf7-validates-as-email form-control email\" aria-required=\"true\" aria-invalid=\"false\" placeholder=\"E-mail\" \/><\/span><\/div>\n<\/div>\n<p>    Cum po\u021bi s\u0103 contribui?<br \/>\n<span class=\"wpcf7-form-control-wrap checkbox-220\"><span class=\"wpcf7-form-control wpcf7-checkbox wpcf7-validates-as-required\" id=\"check\"><span class=\"wpcf7-list-item first\"><input type=\"checkbox\" name=\"checkbox-220[]\" value=\"\ud835\udfcf. \ud835\udc05\ud835\udc1e\ud835\udc1e\ud835\udc1d\ud835\udc1b\ud835\udc1a\ud835\udc1c\ud835\udc24 \ud835\udc06\ud835\udc1e\ud835\udc27\ud835\udc1e\ud835\udc2b\ud835\udc1a\ud835\udc25: Spune-ne cum \u021bi se pare noua aplica\u021bie UPPARK \u00een ansamblul s\u0103u. Exist\u0103 ceva anume care \u00ee\u021bi place? Ai vreo idee pentru a o face \u0219i mai bun\u0103?\" \/><span class=\"wpcf7-list-item-label\">\ud835\udfcf. \ud835\udc05\ud835\udc1e\ud835\udc1e\ud835\udc1d\ud835\udc1b\ud835\udc1a\ud835\udc1c\ud835\udc24 \ud835\udc06\ud835\udc1e\ud835\udc27\ud835\udc1e\ud835\udc2b\ud835\udc1a\ud835\udc25: Spune-ne cum \u021bi se pare noua aplica\u021bie UPPARK \u00een ansamblul s\u0103u. Exist\u0103 ceva anume care \u00ee\u021bi place? Ai vreo idee pentru a o face \u0219i mai bun\u0103?<\/span><\/span><span class=\"wpcf7-list-item\"><input type=\"checkbox\" name=\"checkbox-220[]\" value=\"\ud835\udfd0. \ud835\udc11\ud835\udc1a\ud835\udc29\ud835\udc28\ud835\udc2b\ud835\udc2d\ud835\udc1a\u0306\ud835\udc2b\ud835\udc22 \ud835\udc0f\ud835\udc2b\ud835\udc28\ud835\udc1b\ud835\udc25\ud835\udc1e\ud835\udc26\ud835\udc1e (\ud835\udc01\ud835\udc2e\ud835\udc20-\ud835\udc2e\ud835\udc2b\ud835\udc22): Dac\u0103 \u00eent\u00e2mpini erori, defec\u021biuni sau observi comportamente nea\u0219teptate \u00een timpul folosirii aplica\u021biei, te rug\u0103m s\u0103 ne informezi. Descrierile detaliate \u0219i capturile de ecran ne vor ajuta s\u0103 rezolv\u0103m rapid problemele.\" \/><span class=\"wpcf7-list-item-label\">\ud835\udfd0. \ud835\udc11\ud835\udc1a\ud835\udc29\ud835\udc28\ud835\udc2b\ud835\udc2d\ud835\udc1a\u0306\ud835\udc2b\ud835\udc22 \ud835\udc0f\ud835\udc2b\ud835\udc28\ud835\udc1b\ud835\udc25\ud835\udc1e\ud835\udc26\ud835\udc1e (\ud835\udc01\ud835\udc2e\ud835\udc20-\ud835\udc2e\ud835\udc2b\ud835\udc22): Dac\u0103 \u00eent\u00e2mpini erori, defec\u021biuni sau observi comportamente nea\u0219teptate \u00een timpul folosirii aplica\u021biei, te rug\u0103m s\u0103 ne informezi. Descrierile detaliate \u0219i capturile de ecran ne vor ajuta s\u0103 rezolv\u0103m rapid problemele.<\/span><\/span><span class=\"wpcf7-list-item last\"><input type=\"checkbox\" name=\"checkbox-220[]\" value=\"\ud835\udfd1. \ud835\udc0e\ud835\udc29\ud835\udc28\ud835\udc2b\ud835\udc2d\ud835\udc2e\ud835\udc27\ud835\udc22\ud835\udc2d\ud835\udc1a\u0306\ud835\udc2d\u0326\ud835\udc22 \ud835\udc1d\ud835\udc1e \ud835\udc08\u0302\ud835\udc26\ud835\udc1b\ud835\udc2e\ud835\udc27\ud835\udc1a\u0306\ud835\udc2d\ud835\udc1a\u0306\ud835\udc2d\u0326\ud835\udc22\ud835\udc2b\ud835\udc1e: Ai o idee care ar putea face aplica\u021bia chiar mai extraordinar\u0103? Indiferent dac\u0103 e vorba de o func\u021bionalitate nou\u0103, o modificare sau o idee inovatoare, suntem aici s\u0103 te ascult\u0103m.\" \/><span class=\"wpcf7-list-item-label\">\ud835\udfd1. \ud835\udc0e\ud835\udc29\ud835\udc28\ud835\udc2b\ud835\udc2d\ud835\udc2e\ud835\udc27\ud835\udc22\ud835\udc2d\ud835\udc1a\u0306\ud835\udc2d\u0326\ud835\udc22 \ud835\udc1d\ud835\udc1e \ud835\udc08\u0302\ud835\udc26\ud835\udc1b\ud835\udc2e\ud835\udc27\ud835\udc1a\u0306\ud835\udc2d\ud835\udc1a\u0306\ud835\udc2d\u0326\ud835\udc22\ud835\udc2b\ud835\udc1e: Ai o idee care ar putea face aplica\u021bia chiar mai extraordinar\u0103? Indiferent dac\u0103 e vorba de o func\u021bionalitate nou\u0103, o modificare sau o idee inovatoare, suntem aici s\u0103 te ascult\u0103m.<\/span><\/span><\/span><\/span><\/p>\n<div id=\"input-message\" class=\"col-lg-12 input-message\"><span class=\"wpcf7-form-control-wrap message\"><textarea name=\"message\" cols=\"40\" rows=\"10\" class=\"wpcf7-form-control wpcf7-textarea wpcf7-validates-as-required form-control message\" aria-required=\"true\" aria-invalid=\"false\" placeholder=\"Feedback-ul tau....\"><\/textarea><\/span><\/div>\n<p><span class=\"wpcf7-form-control-wrap file-35\"><input type=\"file\" name=\"file-35\" size=\"40\" class=\"wpcf7-form-control wpcf7-file\" id=\"check\" accept=\".jpeg,.png,.pdf,.word\" aria-invalid=\"false\" \/><\/span><\/p>\n<div class=\"col-lg-12 text-right mt-10 form-btn\"><button type=\"submit\" class=\"btn btn-lg btn-blue white-color submit btn-arrow wpcf7-form-control wpcf7-submit\"><span>Trimite feedback<i class=\"fas fa-angle-double-right\"><\/i><\/span><\/button><\/div>\n<p>&nbsp<br \/>\n&nbsp<br \/>\n&nbsp<br \/>\n&nbsp<\/p>\n<div class=\"col-lg-12 contact-form-msg\">\n<div class=\"wpcf7-response-output wpcf7-display-none\"><\/div>\n<\/div>\n<\/div>\n<input type=\"hidden\" name=\"trp-form-language\" value=\"en\"\/><\/div>\n<\/form><\/div><\/div><\/div><\/div><div class=\"wpb_column vc_column_container vc_col-sm-2 bg-tra\"><div class=\"vc_column-inner\"><div class=\"wpb_wrapper\"><\/div><\/div><\/div><\/div><\/div><\/div><\/div><\/section><div class=\"vc_row-full-width vc_clearfix\"><\/div>","protected":false},"excerpt":{"rendered":"Feedback-ul t\u0103u coneaz\u0103 \u00cen cadrul angajamentului nostru continuu de a cre\u0219te satisfac\u021bia \u0219oferilor, am lansat noua aplica\u021bie UPPARK, mai intuitiv\u0103 \u0219i mai prietenoas\u0103. Feedback-ul t\u0103u are o importan\u021b\u0103 imens\u0103 pentru noi. Cum po\u021bi s\u0103 contribui? \ud835\udfcf. \ud835\udc05\ud835\udc1e\ud835\udc1e\ud835\udc1d\ud835\udc1b\ud835\udc1a\ud835\udc1c\ud835\udc24 \ud835\udc06\ud835\udc1e\ud835\udc27\ud835\udc1e\ud835\udc2b\ud835\udc1a\ud835\udc25: Spune-ne cum...","protected":false},"author":12,"featured_media":0,"parent":0,"menu_order":0,"comment_status":"closed","ping_status":"closed","template":"","meta":{"inline_featured_image":false,"footnotes":""},"post_mailing_queue_ids":[],"_links":{"self":[{"href":"https:\/\/uppark.io\/en\/wp-json\/wp\/v2\/pages\/6232"}],"collection":[{"href":"https:\/\/uppark.io\/en\/wp-json\/wp\/v2\/pages"}],"about":[{"href":"https:\/\/uppark.io\/en\/wp-json\/wp\/v2\/types\/page"}],"author":[{"embeddable":true,"href":"https:\/\/uppark.io\/en\/wp-json\/wp\/v2\/users\/12"}],"replies":[{"embeddable":true,"href":"https:\/\/uppark.io\/en\/wp-json\/wp\/v2\/comments?post=6232"}],"version-history":[{"count":9,"href":"https:\/\/uppark.io\/en\/wp-json\/wp\/v2\/pages\/6232\/revisions"}],"predecessor-version":[{"id":6244,"href":"https:\/\/uppark.io\/en\/wp-json\/wp\/v2\/pages\/6232\/revisions\/6244"}],"wp:attachment":[{"href":"https:\/\/uppark.io\/en\/wp-json\/wp\/v2\/media?parent=6232"}],"curies":[{"name":"wp","href":"https:\/\/api.w.org\/{rel}","templated":true}]}}